{"id":237933,"date":"2025-07-11T11:13:20","date_gmt":"2025-07-11T11:13:20","guid":{"rendered":"https:\/\/josefontao.com\/acessibilidade\/"},"modified":"2025-07-11T15:46:39","modified_gmt":"2025-07-11T15:46:39","slug":"accessibilite","status":"publish","type":"page","link":"https:\/\/josefontao.com\/fr\/accessibilite\/","title":{"rendered":"Accessibilit\u00e9"},"content":{"rendered":"<p>[et_pb_section fb_built=\u00a0\u00bb1&Prime; _builder_version=\u00a0\u00bb4.9.9&Prime; _module_preset=\u00a0\u00bbdefault\u00a0\u00bb][et_pb_row _builder_version=\u00a0\u00bb4.9.9&Prime; _module_preset=\u00a0\u00bbdefault\u00a0\u00bb][et_pb_column type=\u00a0\u00bb4_4&Prime; _builder_version=\u00a0\u00bb4.9.9&Prime; _module_preset=\u00a0\u00bbdefault\u00a0\u00bb][et_pb_text _builder_version=\u00a0\u00bb4.9.9&Prime; _module_preset=\u00a0\u00bbdefault\u00a0\u00bb]<\/p>\n<p>Chez Jos\u00e9 Font\u00e3o, nous pensons que tout le monde, quelles que soient ses capacit\u00e9s, doit avoir un acc\u00e8s \u00e9gal \u00e0 nos produits et services.<\/p>\n<p>Nous nous engageons pleinement \u00e0 garantir que notre site web r\u00e9ponde aux besoins de tous, y compris des personnes handicap\u00e9es.<\/p>\n<p>Nous travaillons sans rel\u00e2che pour am\u00e9liorer l&rsquo;accessibilit\u00e9 num\u00e9rique de notre site web, en suivant les recommandations du WCGA (Web Content Accessibility Guidelines) et en respectant la l\u00e9gislation nationale et europ\u00e9enne en mati\u00e8re d&rsquo;inclusion et d&rsquo;accessibilit\u00e9.<\/p>\n<p>&nbsp;<\/p>\n<p><strong>L&rsquo;engagement de Jos\u00e9 Font\u00e3o en faveur de l&rsquo;accessibilit\u00e9 num\u00e9rique<\/strong><\/p>\n<p>Chez Jos\u00e9 Font\u00e3o, nous int\u00e9grons l&rsquo;accessibilit\u00e9 num\u00e9rique comme un \u00e9l\u00e9ment essentiel du cycle de d\u00e9veloppement. Nous avons mis en place une approche syst\u00e9matique pour garantir la conformit\u00e9 \u00e0 la norme EN 301 549 et aux directives d&rsquo;accessibilit\u00e9 pour le contenu web (WCAG) 2.1.<\/p>\n<p>Nous effectuons des tests d&rsquo;accessibilit\u00e9 couvrant les principaux flux de navigation, les pages cl\u00e9s et les composants r\u00e9utilisables de l&rsquo;interface.<\/p>\n<p>Au niveau du code, nous cherchons \u00e0 promouvoir une mise en \u0153uvre s\u00e9mantique et accessible d\u00e8s le d\u00e9but, gr\u00e2ce \u00e0 l&rsquo;utilisation appropri\u00e9e d&rsquo;\u00e9l\u00e9ments HTML natifs, d&rsquo;attributs descriptifs et de bonnes pratiques de d\u00e9veloppement.<\/p>\n<p>Cet engagement refl\u00e8te notre ambition de garantir que l&rsquo;exp\u00e9rience sur https:\/\/josefontao.com soit inclusive, robuste et accessible \u00e0 tous les utilisateurs.<\/p>\n<p>&nbsp;<\/p>\n<p>Contactez-nous si vous rencontrez un probl\u00e8me li\u00e9 \u00e0 l&rsquo;accessibilit\u00e9 du site Jos\u00e9 Font\u00e3o ou si vous avez besoin de clarification sur un point quelconque, via notre page de contact.<\/p>\n<p>&nbsp;<\/p>\n<p><strong>Modes de navigation sur le site Jos\u00e9 Font\u00e3o gr\u00e2ce aux fonctionnalit\u00e9s d&rsquo;accessibilit\u00e9 :<\/strong><\/p>\n<p>Le site Jos\u00e9 Font\u00e3o a \u00e9t\u00e9 con\u00e7u pour \u00eatre enti\u00e8rement navigable \u00e0 l&rsquo;aide de technologies d&rsquo;assistance, garantissant une exp\u00e9rience accessible et inclusive.<\/p>\n<p>Il est possible de naviguer sur le site Jos\u00e9 Font\u00e3o en utilisant uniquement le clavier, gr\u00e2ce aux fonctionnalit\u00e9s suivantes :<\/p>\n<p>Les touches fl\u00e9ch\u00e9es (haut\/bas) ou Page pr\u00e9c\u00e9dente\/Page suivante permettent de se d\u00e9placer verticalement dans le contenu ;<br \/>La touche Tab permet de parcourir s\u00e9quentiellement les liens, les boutons et les champs des formulaires, avec prise en charge du focus visible ;<br \/>La combinaison Maj + Tab permet de naviguer dans le sens inverse ;<br \/>Des raccourcis de navigation par zones (liens de saut) sont disponibles, permettant d&rsquo;ignorer les blocs de navigation r\u00e9p\u00e9titifs et d&rsquo;acc\u00e9der directement au contenu principal.<\/p>\n<p>Le site Jos\u00e9 Font\u00e3o prend en charge les fonctionnalit\u00e9s du navigateur, telles que :<\/p>\n<p>Modes de contraste \u00e9lev\u00e9 respectant les pr\u00e9f\u00e9rences de l&rsquo;utilisateur d\u00e9finies dans le syst\u00e8me ;<br \/>Sur les appareils mobiles, il est possible d&rsquo;utiliser le geste \u00ab pinch-to-zoom \u00bb pour agrandir le contenu des pages, tout en conservant la lisibilit\u00e9 et la facilit\u00e9 d&rsquo;utilisation.<\/p>\n<p>Pour les utilisateurs d&rsquo;\u00e9crans d&rsquo;affichage (JAWS, NVDA, VoiceOver, entre autres), les pages ont \u00e9t\u00e9 structur\u00e9es avec du HTML s\u00e9mantique, permettant une navigation efficace par :<\/p>\n<ul>\n<li>En-t\u00eates hi\u00e9rarchiques (h1\u2013h6) ;<br \/>Des rep\u00e8res de navigation (landmarks) tels que main, nav, header, footer, section, entre autres ;<br \/>Des \u00e9tiquettes accessibles (aria-label, aria-labelledby) dans les \u00e9l\u00e9ments interactifs et informatifs.<\/li>\n<\/ul>\n<p>Ces \u00e9l\u00e9ments garantissent une exp\u00e9rience coh\u00e9rente, pr\u00e9visible et compatible avec les principes de perceptibilit\u00e9, d&rsquo;op\u00e9rabilit\u00e9, de compr\u00e9hensibilit\u00e9 et de robustesse, tels que d\u00e9finis par les recommandations WCAG.<\/p>\n<p>&nbsp;<\/p>\n<p><strong>Comment le site Jos\u00e9 Font\u00e3o est-il structur\u00e9 de mani\u00e8re accessible ?<\/strong><\/p>\n<p>Les pages du site Jos\u00e9 Font\u00e3o sont principalement d\u00e9velopp\u00e9es avec du HTML s\u00e9mantique, du JavaScript et du CSS, conform\u00e9ment aux bonnes pratiques en mati\u00e8re d&rsquo;accessibilit\u00e9 et de compatibilit\u00e9 entre les appareils. La structure du contenu permet une navigation efficace \u00e0 l&rsquo;aide de dispositifs de pointage (souris), du clavier et de technologies d&rsquo;assistance, y compris les lecteurs d&rsquo;\u00e9cran.<\/p>\n<p>Le site pr\u00e9sente une interop\u00e9rabilit\u00e9 \u00e9lev\u00e9e avec les principaux navigateurs modernes (Chrome, Firefox, Safari, Edge) et est compatible avec les technologies d&rsquo;assistance largement utilis\u00e9es, telles que JAWS, NVDA et VoiceOver.<\/p>\n<p>[\/et_pb_text][\/et_pb_column][\/et_pb_row][\/et_pb_section]<\/p>\n","protected":false},"excerpt":{"rendered":"<p>[et_pb_section fb_built=\u00a0\u00bb1&Prime; _builder_version=\u00a0\u00bb4.9.9&Prime; _module_preset=\u00a0\u00bbdefault\u00a0\u00bb][et_pb_row _builder_version=\u00a0\u00bb4.9.9&Prime; _module_preset=\u00a0\u00bbdefault\u00a0\u00bb][et_pb_column type=\u00a0\u00bb4_4&Prime; _builder_version=\u00a0\u00bb4.9.9&Prime; _module_preset=\u00a0\u00bbdefault\u00a0\u00bb][et_pb_text _builder_version=\u00a0\u00bb4.9.9&Prime; _module_preset=\u00a0\u00bbdefault\u00a0\u00bb] Chez Jos\u00e9 Font\u00e3o, nous pensons que tout le monde, quelles que soient ses capacit\u00e9s, doit avoir un acc\u00e8s \u00e9gal \u00e0 nos produits et services. Nous nous engageons pleinement \u00e0 garantir que notre site web r\u00e9ponde aux besoins de tous, y compris des personnes handicap\u00e9es. [&hellip;]<\/p>\n","protected":false},"author":1,"featured_media":0,"parent":0,"menu_order":0,"comment_status":"closed","ping_status":"closed","template":"","meta":{"_et_pb_use_builder":"on","_et_pb_old_content":"","_et_gb_content_width":""},"_links":{"self":[{"href":"https:\/\/josefontao.com\/fr\/wp-json\/wp\/v2\/pages\/237933"}],"collection":[{"href":"https:\/\/josefontao.com\/fr\/wp-json\/wp\/v2\/pages"}],"about":[{"href":"https:\/\/josefontao.com\/fr\/wp-json\/wp\/v2\/types\/page"}],"author":[{"embeddable":true,"href":"https:\/\/josefontao.com\/fr\/wp-json\/wp\/v2\/users\/1"}],"replies":[{"embeddable":true,"href":"https:\/\/josefontao.com\/fr\/wp-json\/wp\/v2\/comments?post=237933"}],"version-history":[{"count":3,"href":"https:\/\/josefontao.com\/fr\/wp-json\/wp\/v2\/pages\/237933\/revisions"}],"predecessor-version":[{"id":237943,"href":"https:\/\/josefontao.com\/fr\/wp-json\/wp\/v2\/pages\/237933\/revisions\/237943"}],"wp:attachment":[{"href":"https:\/\/josefontao.com\/fr\/wp-json\/wp\/v2\/media?parent=237933"}],"curies":[{"name":"wp","href":"https:\/\/api.w.org\/{rel}","templated":true}]}}