{"id":237469,"date":"2023-12-14T14:48:26","date_gmt":"2023-12-14T14:48:26","guid":{"rendered":"https:\/\/josefontao.com\/projetos\/"},"modified":"2023-12-14T15:50:14","modified_gmt":"2023-12-14T15:50:14","slug":"projets","status":"publish","type":"page","link":"https:\/\/josefontao.com\/fr\/projets\/","title":{"rendered":"Projets"},"content":{"rendered":"<p>[et_pb_section fb_built=\u00a0\u00bb1&Prime; _builder_version=\u00a0\u00bb4.9.9&Prime; _module_preset=\u00a0\u00bbdefault\u00a0\u00bb][et_pb_row _builder_version=\u00a0\u00bb4.9.9&Prime; _module_preset=\u00a0\u00bbdefault\u00a0\u00bb max_width=\u00a0\u00bb70%\u00a0\u00bb max_width_tablet=\u00a0\u00bb80%\u00a0\u00bb max_width_phone=\u00a0\u00bb\u00a0\u00bb max_width_last_edited=\u00a0\u00bbon|phone\u00a0\u00bb][et_pb_column type=\u00a0\u00bb4_4&Prime; _builder_version=\u00a0\u00bb4.9.9&Prime; _module_preset=\u00a0\u00bbdefault\u00a0\u00bb][et_pb_post_title meta=\u00a0\u00bboff\u00a0\u00bb featured_image=\u00a0\u00bboff\u00a0\u00bb _builder_version=\u00a0\u00bb4.9.9&Prime; _module_preset=\u00a0\u00bbdefault\u00a0\u00bb][\/et_pb_post_title][et_pb_image src=\u00a0\u00bbhttps:\/\/josefontao.com\/wp-content\/uploads\/2023\/12\/NORTE2020-.webp\u00a0\u00bb title_text=\u00a0\u00bbNORTE2020&Prime; _builder_version=\u00a0\u00bb4.9.9&Prime; _module_preset=\u00a0\u00bbdefault\u00a0\u00bb max_width=\u00a0\u00bb55%\u00a0\u00bb max_width_tablet=\u00a0\u00bb90%\u00a0\u00bb max_width_phone=\u00a0\u00bb100%\u00a0\u00bb max_width_last_edited=\u00a0\u00bbon|phone\u00a0\u00bb][\/et_pb_image][et_pb_text _builder_version=\u00a0\u00bb4.9.9&Prime; _module_preset=\u00a0\u00bbdefault\u00a0\u00bb ul_font=\u00a0\u00bb||||||||\u00a0\u00bb hover_enabled=\u00a0\u00bb0&Prime; sticky_enabled=\u00a0\u00bb0&Prime;]<\/p>\n<p>Designa\u00e7\u00e3o do projeto | Jos\u00e9 Font\u00e3o &amp; Cia, Lda &#8211; APOIO \u00c0 PRODU\u00c7\u00c3O NACIONAL<br \/>C\u00f3digo do projeto | NORTE-06-38D7-FEDER-000826<br \/>Objetivo principal | Promover a sustentabilidade e a qualidade do emprego e apoiar a mobilidade laboral <br \/>Regi\u00e3o de interven\u00e7\u00e3o | Norte<br \/>Entidade benefici\u00e1ria | Jos\u00e9 Font\u00e3o &amp; Cia, Lda<\/p>\n<p>Data de aprova\u00e7\u00e3o | 24-02-2022<br \/>Data de in\u00edcio | 30-06-2021<br \/>Data de conclus\u00e3o | 10-10-2022<br \/>Custo total eleg\u00edvel |124.879,46 EUR<br \/>Apoio financeiro da Uni\u00e3o Europeia | FEDER-56.195,76 EUR<br \/>Apoio financeiro p\u00fablico nacional\/regional I<\/p>\n<p>Objetivos do projeto e resultados atingidos:<\/p>\n<ul>\n<li>Aumento e diversifica\u00e7\u00e3o da produ\u00e7\u00e3o atrav\u00e9s da aquisi\u00e7\u00e3o de novas m\u00e1quinas que permitiram a execu\u00e7\u00e3o de opera\u00e7\u00f5es que at\u00e9 ent\u00e3o a empresa n\u00e3o tinha capacidade de desenvolver;<\/li>\n<li>Implementa\u00e7\u00e3o do Sistema de Certifica\u00e7\u00e3o da Qualidade ISO 9001:2015 para a melhoria de processos.<\/li>\n<\/ul>\n<p>[\/et_pb_text][\/et_pb_column][\/et_pb_row][\/et_pb_section]<\/p>\n","protected":false},"excerpt":{"rendered":"<p>[et_pb_section fb_built=\u00a0\u00bb1&Prime; _builder_version=\u00a0\u00bb4.9.9&Prime; _module_preset=\u00a0\u00bbdefault\u00a0\u00bb][et_pb_row _builder_version=\u00a0\u00bb4.9.9&Prime; _module_preset=\u00a0\u00bbdefault\u00a0\u00bb max_width=\u00a0\u00bb70%\u00a0\u00bb max_width_tablet=\u00a0\u00bb80%\u00a0\u00bb max_width_phone=\u00a0\u00bb\u00a0\u00bb max_width_last_edited=\u00a0\u00bbon|phone\u00a0\u00bb][et_pb_column type=\u00a0\u00bb4_4&Prime; _builder_version=\u00a0\u00bb4.9.9&Prime; _module_preset=\u00a0\u00bbdefault\u00a0\u00bb][et_pb_post_title meta=\u00a0\u00bboff\u00a0\u00bb featured_image=\u00a0\u00bboff\u00a0\u00bb _builder_version=\u00a0\u00bb4.9.9&Prime; _module_preset=\u00a0\u00bbdefault\u00a0\u00bb][\/et_pb_post_title][et_pb_image src=\u00a0\u00bbhttps:\/\/josefontao.com\/wp-content\/uploads\/2023\/12\/NORTE2020-.webp\u00a0\u00bb title_text=\u00a0\u00bbNORTE2020&Prime; _builder_version=\u00a0\u00bb4.9.9&Prime; _module_preset=\u00a0\u00bbdefault\u00a0\u00bb max_width=\u00a0\u00bb55%\u00a0\u00bb max_width_tablet=\u00a0\u00bb90%\u00a0\u00bb max_width_phone=\u00a0\u00bb100%\u00a0\u00bb max_width_last_edited=\u00a0\u00bbon|phone\u00a0\u00bb][\/et_pb_image][et_pb_text _builder_version=\u00a0\u00bb4.9.9&Prime; _module_preset=\u00a0\u00bbdefault\u00a0\u00bb ul_font=\u00a0\u00bb||||||||\u00a0\u00bb hover_enabled=\u00a0\u00bb0&Prime; sticky_enabled=\u00a0\u00bb0&Prime;] Designa\u00e7\u00e3o do projeto | Jos\u00e9 Font\u00e3o &amp; Cia, Lda &#8211; APOIO \u00c0 PRODU\u00c7\u00c3O NACIONALC\u00f3digo do projeto | NORTE-06-38D7-FEDER-000826Objetivo principal | Promover a sustentabilidade e a [&hellip;]<\/p>\n","protected":false},"author":1,"featured_media":0,"parent":0,"menu_order":0,"comment_status":"closed","ping_status":"closed","template":"","meta":{"_et_pb_use_builder":"on","_et_pb_old_content":"","_et_gb_content_width":""},"_links":{"self":[{"href":"https:\/\/josefontao.com\/fr\/wp-json\/wp\/v2\/pages\/237469"}],"collection":[{"href":"https:\/\/josefontao.com\/fr\/wp-json\/wp\/v2\/pages"}],"about":[{"href":"https:\/\/josefontao.com\/fr\/wp-json\/wp\/v2\/types\/page"}],"author":[{"embeddable":true,"href":"https:\/\/josefontao.com\/fr\/wp-json\/wp\/v2\/users\/1"}],"replies":[{"embeddable":true,"href":"https:\/\/josefontao.com\/fr\/wp-json\/wp\/v2\/comments?post=237469"}],"version-history":[{"count":3,"href":"https:\/\/josefontao.com\/fr\/wp-json\/wp\/v2\/pages\/237469\/revisions"}],"predecessor-version":[{"id":237483,"href":"https:\/\/josefontao.com\/fr\/wp-json\/wp\/v2\/pages\/237469\/revisions\/237483"}],"wp:attachment":[{"href":"https:\/\/josefontao.com\/fr\/wp-json\/wp\/v2\/media?parent=237469"}],"curies":[{"name":"wp","href":"https:\/\/api.w.org\/{rel}","templated":true}]}}