{"id":237939,"date":"2025-07-11T11:13:20","date_gmt":"2025-07-11T11:13:20","guid":{"rendered":"https:\/\/josefontao.com\/acessibilidade\/"},"modified":"2025-07-11T15:45:31","modified_gmt":"2025-07-11T15:45:31","slug":"accesibilidad","status":"publish","type":"page","link":"https:\/\/josefontao.com\/es\/accesibilidad\/","title":{"rendered":"Accesibilidad"},"content":{"rendered":"<p>[et_pb_section fb_built=\u00bb1&#8243; _builder_version=\u00bb4.9.9&#8243; _module_preset=\u00bbdefault\u00bb][et_pb_row _builder_version=\u00bb4.9.9&#8243; _module_preset=\u00bbdefault\u00bb][et_pb_column type=\u00bb4_4&#8243; _builder_version=\u00bb4.9.9&#8243; _module_preset=\u00bbdefault\u00bb][et_pb_text _builder_version=\u00bb4.9.9&#8243; _module_preset=\u00bbdefault\u00bb hover_enabled=\u00bb0&#8243; sticky_enabled=\u00bb0&#8243;]<\/p>\n<p>En Jos\u00e9 Font\u00e3o creemos que todas las personas, independientemente de sus capacidades, deben tener el mismo acceso a nuestros productos y servicios.<\/p>\n<p>Estamos profundamente comprometidos con garantizar que nuestro sitio web responda a las necesidades de todas las personas, incluidas aquellas con discapacidades.<\/p>\n<p>Trabajamos arduamente para mejorar la accesibilidad digital de nuestro sitio web, siguiendo las recomendaciones de las WCGA (Web Content Accessibility Guidelines) y respetando la legislaci\u00f3n nacional y europea en materia de inclusi\u00f3n y accesibilidad.<\/p>\n<p>&nbsp;<\/p>\n<p><strong>El compromiso con la accesibilidad digital de Jos\u00e9 Font\u00e3o<\/strong><\/p>\n<p>En Jos\u00e9 Font\u00e3o integramos la accesibilidad digital como parte esencial del ciclo de desarrollo. Implementamos un enfoque sistem\u00e1tico para garantizar el cumplimiento de la norma EN 301 549 y de las Pautas de Accesibilidad al Contenido en la Web (WCAG) 2.1.<\/p>\n<p>Realizamos pruebas de accesibilidad que abarcan los principales flujos de navegaci\u00f3n, las p\u00e1ginas clave y los componentes reutilizables de la interfaz.<\/p>\n<p>A nivel de c\u00f3digo, buscamos promover la implementaci\u00f3n sem\u00e1ntica y accesible desde el principio, mediante el uso adecuado de elementos HTML nativos, atributos descriptivos y buenas pr\u00e1cticas de desarrollo.<\/p>\n<p>Este compromiso se refleja en nuestra ambici\u00f3n de garantizar que la experiencia en https:\/\/josefontao.com sea inclusiva, s\u00f3lida y accesible para todos los usuarios.<\/p>\n<p>&nbsp;<\/p>\n<p>P\u00f3ngase en contacto con nosotros si tiene alg\u00fan problema relacionado con la accesibilidad del sitio web de Jos\u00e9 Font\u00e3o o si necesita aclarar alguna cuesti\u00f3n a trav\u00e9s de nuestra p\u00e1gina de contacto.<\/p>\n<p>&nbsp;<\/p>\n<p><strong>Formas de navegar por el sitio web de Jos\u00e9 Font\u00e3o mediante las funciones de accesibilidad:<\/strong><\/p>\n<p>El sitio web de Jos\u00e9 Font\u00e3o ha sido dise\u00f1ado para ser totalmente navegable con tecnolog\u00edas de apoyo, lo que garantiza una experiencia accesible e inclusiva.<\/p>\n<p>Es posible navegar por el sitio web de Jos\u00e9 Font\u00e3o utilizando solo el teclado, recurriendo a las siguientes funciones:<\/p>\n<p>Las teclas de flecha (arriba\/abajo) o P\u00e1gina arriba\/P\u00e1gina abajo permiten desplazarse verticalmente por el contenido;<br \/>La tecla Tab permite recorrer secuencialmente los enlaces, botones y campos de formularios, con soporte para el foco visible;<br \/>La combinaci\u00f3n May\u00fas + Tab permite navegar en sentido inverso;<br \/>Hay disponibles atajos de navegaci\u00f3n por \u00e1reas (enlaces de salto), que permiten omitir bloques de navegaci\u00f3n repetitivos y acceder directamente al contenido principal.<\/p>\n<p>El sitio web Jos\u00e9 Font\u00e3o admite funciones del navegador, tales como:<\/p>\n<p>Modos de alto contraste que respetan las preferencias del usuario definidas en el sistema;<br \/>En dispositivos m\u00f3viles, es posible utilizar el gesto de pellizcar para ampliar el contenido de las p\u00e1ginas, manteniendo la legibilidad y la usabilidad.<\/p>\n<p>Para los usuarios de lectores de pantalla (JAWS, NVDA, VoiceOver, entre otros), las p\u00e1ginas se han estructurado con HTML sem\u00e1ntico, lo que permite una navegaci\u00f3n eficiente por:<\/p>\n<ul>\n<li>Encabezados jer\u00e1rquicos (h1\u2013h6);<\/li>\n<li>Marcas de navegaci\u00f3n (landmarks) como main, nav, header, footer, section, entre otras;<\/li>\n<li>Etiquetas accesibles (aria-label, aria-labelledby) en los elementos interactivos e informativos.<\/li>\n<\/ul>\n<p>Estos elementos garantizan una experiencia coherente, predecible y compatible con los principios de perceptible, operable, comprensible y robusto, tal y como se definen en las recomendaciones WCAG.<\/p>\n<p>&nbsp;<\/p>\n<p><strong>C\u00f3mo est\u00e1 estructurado el sitio web Jos\u00e9 Font\u00e3o de forma accesible:<\/strong><\/p>\n<p>Las p\u00e1ginas del sitio web Jos\u00e9 Font\u00e3o est\u00e1n desarrolladas principalmente con HTML sem\u00e1ntico, JavaScript y CSS, siguiendo las buenas pr\u00e1cticas de accesibilidad y compatibilidad entre dispositivos. La estructura del contenido permite una navegaci\u00f3n eficiente a trav\u00e9s de dispositivos se\u00f1aladores (rat\u00f3n), teclado y tecnolog\u00edas de apoyo, incluidos los lectores de pantalla.<\/p>\n<p>El sitio web presenta una alta interoperabilidad con los principales navegadores modernos (Chrome, Firefox, Safari, Edge) y es compatible con tecnolog\u00edas de asistencia ampliamente utilizadas, como JAWS, NVDA y VoiceOver.<\/p>\n<p>[\/et_pb_text][\/et_pb_column][\/et_pb_row][\/et_pb_section]<\/p>\n","protected":false},"excerpt":{"rendered":"<p>[et_pb_section fb_built=\u00bb1&#8243; _builder_version=\u00bb4.9.9&#8243; _module_preset=\u00bbdefault\u00bb][et_pb_row _builder_version=\u00bb4.9.9&#8243; _module_preset=\u00bbdefault\u00bb][et_pb_column type=\u00bb4_4&#8243; _builder_version=\u00bb4.9.9&#8243; _module_preset=\u00bbdefault\u00bb][et_pb_text _builder_version=\u00bb4.9.9&#8243; _module_preset=\u00bbdefault\u00bb hover_enabled=\u00bb0&#8243; sticky_enabled=\u00bb0&#8243;] En Jos\u00e9 Font\u00e3o creemos que todas las personas, independientemente de sus capacidades, deben tener el mismo acceso a nuestros productos y servicios. Estamos profundamente comprometidos con garantizar que nuestro sitio web responda a las necesidades de todas las personas, incluidas aquellas con [&hellip;]<\/p>\n","protected":false},"author":1,"featured_media":0,"parent":0,"menu_order":0,"comment_status":"closed","ping_status":"closed","template":"","meta":{"_et_pb_use_builder":"on","_et_pb_old_content":"","_et_gb_content_width":""},"_links":{"self":[{"href":"https:\/\/josefontao.com\/es\/wp-json\/wp\/v2\/pages\/237939"}],"collection":[{"href":"https:\/\/josefontao.com\/es\/wp-json\/wp\/v2\/pages"}],"about":[{"href":"https:\/\/josefontao.com\/es\/wp-json\/wp\/v2\/types\/page"}],"author":[{"embeddable":true,"href":"https:\/\/josefontao.com\/es\/wp-json\/wp\/v2\/users\/1"}],"replies":[{"embeddable":true,"href":"https:\/\/josefontao.com\/es\/wp-json\/wp\/v2\/comments?post=237939"}],"version-history":[{"count":2,"href":"https:\/\/josefontao.com\/es\/wp-json\/wp\/v2\/pages\/237939\/revisions"}],"predecessor-version":[{"id":237942,"href":"https:\/\/josefontao.com\/es\/wp-json\/wp\/v2\/pages\/237939\/revisions\/237942"}],"wp:attachment":[{"href":"https:\/\/josefontao.com\/es\/wp-json\/wp\/v2\/media?parent=237939"}],"curies":[{"name":"wp","href":"https:\/\/api.w.org\/{rel}","templated":true}]}}