{"id":237163,"date":"2021-05-19T11:04:14","date_gmt":"2021-05-19T11:04:14","guid":{"rendered":"https:\/\/josefontao.com\/produtos\/"},"modified":"2022-08-08T09:06:30","modified_gmt":"2022-08-08T09:06:30","slug":"producto","status":"publish","type":"page","link":"https:\/\/josefontao.com\/es\/producto\/","title":{"rendered":"Productos"},"content":{"rendered":"<p>[et_pb_section fb_built=\u00bb1&#8243; custom_padding_last_edited=\u00bbon|phone\u00bb _builder_version=\u00bb4.9.9&#8243; _module_preset=\u00bbdefault\u00bb custom_padding=\u00bb100px||100px||true|false\u00bb custom_padding_tablet=\u00bb50px||50px||true|false\u00bb custom_padding_phone=\u00bb\u00bb][et_pb_row column_structure=\u00bb1_3,1_3,1_3&#8243; use_custom_gutter=\u00bbon\u00bb gutter_width=\u00bb2&#8243; make_equal=\u00bbon\u00bb _builder_version=\u00bb4.9.9&#8243; _module_preset=\u00bbdefault\u00bb width=\u00bb90%\u00bb width_tablet=\u00bb\u00bb width_phone=\u00bb\u00bb width_last_edited=\u00bbon|desktop\u00bb max_width=\u00bb100%\u00bb max_width_tablet=\u00bb\u00bb max_width_phone=\u00bb\u00bb max_width_last_edited=\u00bbon|desktop\u00bb custom_css_main_element=\u00bbalign-items:center;||align-content:center;||display:flex;||flex-direction: row;\u00bb custom_css_main_element_last_edited=\u00bbon|desktop\u00bb custom_css_main_element_tablet=\u00bbflex-direction: column;\u00bb][et_pb_column type=\u00bb1_3&#8243; _builder_version=\u00bb4.9.4&#8243; _module_preset=\u00bbdefault\u00bb][et_pb_blurb title=\u00bbCAMA\u00bb _builder_version=\u00bb4.9.9&#8243; _dynamic_attributes=\u00bblink_option_url\u00bb _module_preset=\u00bbdefault\u00bb header_font=\u00bb||||||||\u00bb header_text_align=\u00bbcenter\u00bb header_text_color=\u00bb#FFFFFF\u00bb header_font_size=\u00bb30px\u00bb use_background_color_gradient=\u00bbon\u00bb background_color_gradient_start=\u00bbrgba(0,42,69,0.2)\u00bb background_color_gradient_end=\u00bbrgba(0,42,69,0.2)\u00bb background_color_gradient_overlays_image=\u00bbon\u00bb background_image=\u00bbhttps:\/\/josefontao.com\/wp-content\/uploads\/2022\/07\/cama2_extra_2-scaled.webp\u00bb height=\u00bb500px\u00bb custom_padding=\u00bb5%|5%|5%|5%|true|true\u00bb link_option_url=\u00bb@ET-DC@eyJkeW5hbWljIjp0cnVlLCJjb250ZW50IjoicG9zdF9saW5rX3VybF9wYWdlIiwic2V0dGluZ3MiOnsicG9zdF9pZCI6IjIzNTkwNSJ9fQ==@\u00bb custom_css_main_element=\u00bbalign-items:center;||align-content:center;||display:flex;||\u00bb custom_css_blurb_content=\u00bbheight: 100%;||    align-items: center;||    display: flex;||    justify-content: center;||    border: 5px solid white;\u00bb header_text_shadow_style=\u00bbpreset2&#8243; header_text_shadow_blur_strength=\u00bb1.1em\u00bb][\/et_pb_blurb][\/et_pb_column][et_pb_column type=\u00bb1_3&#8243; _builder_version=\u00bb4.9.4&#8243; _module_preset=\u00bbdefault\u00bb][et_pb_blurb title=\u00bbHosteler\u00eda\u00bb _builder_version=\u00bb4.9.9&#8243; _dynamic_attributes=\u00bblink_option_url\u00bb _module_preset=\u00bbdefault\u00bb header_font=\u00bb||||||||\u00bb header_text_align=\u00bbcenter\u00bb header_text_color=\u00bb#FFFFFF\u00bb header_font_size=\u00bb30px\u00bb background_color=\u00bb#002A45&#8243; use_background_color_gradient=\u00bbon\u00bb background_color_gradient_start=\u00bbrgba(0,42,69,0.13)\u00bb background_color_gradient_end=\u00bbrgba(0,42,69,0.2)\u00bb background_color_gradient_overlays_image=\u00bbon\u00bb background_image=\u00bbhttps:\/\/josefontao.com\/wp-content\/uploads\/2022\/07\/cama6_miniset-scaled.webp\u00bb height=\u00bb500px\u00bb custom_padding=\u00bb5%|5%|5%|5%|true|true\u00bb link_option_url=\u00bb@ET-DC@eyJkeW5hbWljIjp0cnVlLCJjb250ZW50IjoicG9zdF9saW5rX3VybF9wYWdlIiwic2V0dGluZ3MiOnsicG9zdF9pZCI6IjIzNTk4NyJ9fQ==@\u00bb custom_css_main_element=\u00bbalign-items:center;||align-content:center;||display:flex;||\u00bb custom_css_blurb_content=\u00bbheight: 100%;||    align-items: center;||    display: flex;||    justify-content: center;||    border: 5px solid white;\u00bb header_text_shadow_style=\u00bbpreset2&#8243; header_text_shadow_blur_strength=\u00bb1.1em\u00bb][\/et_pb_blurb][\/et_pb_column][et_pb_column type=\u00bb1_3&#8243; _builder_version=\u00bb4.9.4&#8243; _module_preset=\u00bbdefault\u00bb][et_pb_blurb title=\u00bbMesa\u00bb _builder_version=\u00bb4.9.9&#8243; _dynamic_attributes=\u00bblink_option_url\u00bb _module_preset=\u00bbdefault\u00bb header_font=\u00bb||||||||\u00bb header_text_align=\u00bbcenter\u00bb header_text_color=\u00bb#FFFFFF\u00bb header_font_size=\u00bb30px\u00bb use_background_color_gradient=\u00bbon\u00bb background_color_gradient_start=\u00bbrgba(0,42,69,0.2)\u00bb background_color_gradient_end=\u00bbrgba(0,42,69,0.2)\u00bb background_color_gradient_overlays_image=\u00bbon\u00bb background_image=\u00bbhttps:\/\/josefontao.com\/wp-content\/uploads\/2022\/07\/mesa1_pormenor_2-scaled.webp\u00bb height=\u00bb500px\u00bb custom_padding=\u00bb5%|5%|5%|5%|true|true\u00bb link_option_url=\u00bb@ET-DC@eyJkeW5hbWljIjp0cnVlLCJjb250ZW50IjoicG9zdF9saW5rX3VybF9wYWdlIiwic2V0dGluZ3MiOnsicG9zdF9pZCI6IjIzNjAyMCJ9fQ==@\u00bb custom_css_main_element=\u00bbalign-items:center;||align-content:center;||display:flex;||\u00bb custom_css_blurb_content=\u00bbheight: 100%;||    align-items: center;||    display: flex;||    justify-content: center;||    border: 5px solid white;\u00bb header_text_shadow_style=\u00bbpreset2&#8243; header_text_shadow_blur_strength=\u00bb1.1em\u00bb][\/et_pb_blurb][\/et_pb_column][\/et_pb_row][\/et_pb_section][et_pb_section fb_built=\u00bb1&#8243; admin_label=\u00bbTestimonial\u00bb module_id=\u00bbbrochura\u00bb _builder_version=\u00bb4.9.9&#8243; background_color=\u00bb#f1f6ff\u00bb custom_padding=\u00bb5px||5px||true|false\u00bb][et_pb_row use_custom_gutter=\u00bbon\u00bb gutter_width=\u00bb1&#8243; _builder_version=\u00bb4.9.9&#8243; custom_padding=\u00bb|0px||0px|true|false\u00bb][et_pb_column type=\u00bb4_4&#8243; _builder_version=\u00bb3.25&#8243; custom_padding=\u00bb|||\u00bb custom_padding__hover=\u00bb|||\u00bb][et_pb_text _builder_version=\u00bb4.9.9&#8243; _module_preset=\u00bbdefault\u00bb]<div class=\"_df_book df-lite\" id=\"df_236592\"  data-title=\"brochura\" _slug=\"brochura\" wpoptions=\"true\" thumb=\"https:\/\/josefontao.com\/wp-content\/uploads\/2023\/12\/catalogo.webp\" thumbtype=\"bg\" ><p class=\"df-raw-loading\">Please wait while flipbook is loading. For more related info, FAQs and issues please refer to <a href=\"https:\/\/wordpress.org\/plugins\/3d-flipbook-dflip-lite\/#installation\">DearFlip WordPress Flipbook Plugin Help<\/a> documentation.<\/p><\/div><script class=\"df-shortcode-script\" type=\"application\/javascript\">window.option_df_236592 = {\"outline\":[],\"forceFit\":\"true\",\"autoEnableOutline\":\"false\",\"autoEnableThumbnail\":\"false\",\"overwritePDFOutline\":\"false\",\"direction\":\"1\",\"pageSize\":\"0\",\"source\":\"https:\\\/\\\/josefontao.com\\\/wp-content\\\/uploads\\\/2023\\\/12\\\/Catalogo-Jose-Fontao.pdf\",\"wpOptions\":\"true\"}; if(window.DFLIP && window.DFLIP.parseBooks){window.DFLIP.parseBooks();}<\/script>[\/et_pb_text][\/et_pb_column][\/et_pb_row][\/et_pb_section][et_pb_section fb_built=\u00bb1&#8243; admin_label=\u00bbHeader Section\u00bb module_id=\u00bbsobre\u00bb _builder_version=\u00bb4.9.9&#8243; overflow-x=\u00bbhidden\u00bb custom_margin=\u00bb150px||||false|false\u00bb custom_margin_tablet=\u00bb50px||||false|false\u00bb custom_margin_phone=\u00bb\u00bb custom_margin_last_edited=\u00bbon|phone\u00bb custom_padding=\u00bb0px||0px||false|false\u00bb][et_pb_row column_structure=\u00bb1_2,1_2&#8243; use_custom_gutter=\u00bbon\u00bb gutter_width=\u00bb1&#8243; admin_label=\u00bbService Row\u00bb module_class=\u00bb et_pb_row_fullwidth\u00bb _builder_version=\u00bb4.9.9&#8243; width_tablet=\u00bb100%\u00bb width_phone=\u00bb\u00bb width_last_edited=\u00bbon|desktop\u00bb max_width_tablet=\u00bb100%\u00bb max_width_phone=\u00bb\u00bb max_width_last_edited=\u00bbon|desktop\u00bb custom_margin=\u00bb0px||0px||true|false\u00bb custom_padding=\u00bb0px||0px|\u00bb make_fullwidth=\u00bbon\u00bb][et_pb_column type=\u00bb1_2&#8243; _builder_version=\u00bb4.9.9&#8243; custom_padding=\u00bb|||\u00bb custom_padding__hover=\u00bb|||\u00bb][et_pb_image src=\u00bbhttps:\/\/josefontao.com\/wp-content\/uploads\/2022\/07\/cama4_miniset-scaled.webp\u00bb title_text=\u00bbcama4_miniset\u00bb align=\u00bbright\u00bb align_tablet=\u00bbcenter\u00bb align_phone=\u00bb\u00bb align_last_edited=\u00bbon|phone\u00bb _builder_version=\u00bb4.9.9&#8243; _module_preset=\u00bbdefault\u00bb max_width=\u00bb90%\u00bb custom_margin_tablet=\u00bb0px||||false|false\u00bb custom_margin_last_edited=\u00bboff|desktop\u00bb][\/et_pb_image][\/et_pb_column][et_pb_column type=\u00bb1_2&#8243; _builder_version=\u00bb4.9.9&#8243; background_color=\u00bb#ffffff\u00bb custom_padding=\u00bb100px|60px|100px|60px\u00bb custom_padding_tablet=\u00bb50px|50px|50px|50px|true|true\u00bb custom_padding_phone=\u00bb||||false|false\u00bb custom_padding_last_edited=\u00bbon|phone\u00bb custom_padding__hover=\u00bb|||\u00bb][et_pb_blurb title=\u00bbCartera\u00bb image=\u00bbhttps:\/\/josefontao.com\/wp-content\/uploads\/2022\/07\/portfolio.svg\u00bb content_max_width=\u00bb100%\u00bb _builder_version=\u00bb4.9.9&#8243; _module_preset=\u00bbaee147fe-b2ac-450f-a549-44559813eb98&#8243; header_font_size=\u00bb18px\u00bb body_text_align=\u00bbjustify\u00bb width=\u00bb80%\u00bb width_tablet=\u00bb100%\u00bb width_phone=\u00bb\u00bb width_last_edited=\u00bbon|phone\u00bb max_width=\u00bb80%\u00bb max_width_tablet=\u00bb100%\u00bb max_width_phone=\u00bb\u00bb max_width_last_edited=\u00bbon|tablet\u00bb custom_margin=\u00bb|||0px|false|false\u00bb module_alignment_tablet=\u00bb\u00bb module_alignment_phone=\u00bb\u00bb module_alignment_last_edited=\u00bbon|desktop\u00bb locked=\u00bboff\u00bb]<\/p>\n<p>La internacionalizaci\u00f3n y la globalizaci\u00f3n nos son familiares desde hace d\u00e9cadas. Hoy, ampliamos la comercializaci\u00f3n de nuestros productos a varios continentes.<\/p>\n<p>Nuestra mayor competencia es producir \u201cprivate label\u201d en el sector comercial y hostelero.<\/p>\n<p>[\/et_pb_blurb][\/et_pb_column][\/et_pb_row][\/et_pb_section][et_pb_section fb_built=\u00bb1&#8243; custom_padding_last_edited=\u00bbon|desktop\u00bb admin_label=\u00bbHeader Section\u00bb module_id=\u00bbsobre\u00bb _builder_version=\u00bb4.9.9&#8243; overflow-x=\u00bbhidden\u00bb custom_padding=\u00bb150px||150px||true|false\u00bb custom_padding_tablet=\u00bb0px||0px||true|false\u00bb custom_padding_phone=\u00bb0px||0px||true|false\u00bb][et_pb_row column_structure=\u00bb1_2,1_2&#8243; use_custom_gutter=\u00bbon\u00bb gutter_width=\u00bb1&#8243; admin_label=\u00bbService Row\u00bb module_class=\u00bb et_pb_row_fullwidth inverter\u00bb _builder_version=\u00bb4.9.9&#8243; width_tablet=\u00bb100%\u00bb width_phone=\u00bb\u00bb width_last_edited=\u00bbon|desktop\u00bb max_width_tablet=\u00bb100%\u00bb max_width_phone=\u00bb\u00bb max_width_last_edited=\u00bbon|desktop\u00bb custom_margin=\u00bb0px||0px||true|false\u00bb custom_padding=\u00bb0px||0px|\u00bb make_fullwidth=\u00bbon\u00bb][et_pb_column type=\u00bb1_2&#8243; _builder_version=\u00bb4.9.9&#8243; background_color=\u00bb#ffffff\u00bb custom_padding=\u00bb100px|60px|100px|60px\u00bb custom_padding_tablet=\u00bb50px|50px|50px|50px|true|true\u00bb custom_padding_phone=\u00bb\u00bb custom_padding_last_edited=\u00bbon|phone\u00bb custom_padding__hover=\u00bb|||\u00bb][et_pb_blurb title=\u00bbMisi\u00f3n\u00bb image=\u00bbhttps:\/\/josefontao.com\/wp-content\/uploads\/2022\/07\/missao.svg\u00bb content_max_width=\u00bb100%\u00bb _builder_version=\u00bb4.9.9&#8243; _module_preset=\u00bbaee147fe-b2ac-450f-a549-44559813eb98&#8243; header_font_size=\u00bb18px\u00bb body_text_align=\u00bbjustify\u00bb width=\u00bb80%\u00bb width_tablet=\u00bb100%\u00bb width_phone=\u00bb\u00bb width_last_edited=\u00bbon|phone\u00bb max_width=\u00bb80%\u00bb max_width_tablet=\u00bb100%\u00bb max_width_phone=\u00bb\u00bb max_width_last_edited=\u00bbon|tablet\u00bb custom_margin=\u00bb|||0px|false|false\u00bb module_alignment_tablet=\u00bb\u00bb module_alignment_phone=\u00bb\u00bb module_alignment_last_edited=\u00bbon|desktop\u00bb locked=\u00bboff\u00bb]<\/p>\n<p>La visi\u00f3n a largo plazo debe prevalecer sobre los resultados a corto plazo. Para ello, basados en la lealdad creamos relaciones duraderas con nuestros Empleados, Colaboradores, Proveedores, Distribuidores y Clientes.\u00a0<\/p>\n<p>[\/et_pb_blurb][\/et_pb_column][et_pb_column type=\u00bb1_2&#8243; _builder_version=\u00bb4.9.9&#8243; custom_padding=\u00bb|||\u00bb custom_padding__hover=\u00bb|||\u00bb][et_pb_image src=\u00bbhttps:\/\/josefontao.com\/wp-content\/uploads\/2022\/07\/cama1_miniset-scaled.webp\u00bb title_text=\u00bbcama1_miniset\u00bb align=\u00bbright\u00bb align_tablet=\u00bbcenter\u00bb align_phone=\u00bb\u00bb align_last_edited=\u00bbon|desktop\u00bb _builder_version=\u00bb4.9.9&#8243; _module_preset=\u00bbdefault\u00bb max_width=\u00bb90%\u00bb custom_margin_tablet=\u00bb0px||||false|false\u00bb custom_margin_last_edited=\u00bboff|desktop\u00bb][\/et_pb_image][\/et_pb_column][\/et_pb_row][\/et_pb_section][et_pb_section fb_built=\u00bb1&#8243; admin_label=\u00bbHeader Section\u00bb module_id=\u00bbsobre\u00bb _builder_version=\u00bb4.9.9&#8243; overflow-x=\u00bbhidden\u00bb custom_margin=\u00bb0px||||false|false\u00bb custom_margin_tablet=\u00bb50px||||false|false\u00bb custom_margin_phone=\u00bb\u00bb custom_margin_last_edited=\u00bbon|tablet\u00bb custom_padding=\u00bb0px||0px||false|false\u00bb][et_pb_row column_structure=\u00bb1_2,1_2&#8243; use_custom_gutter=\u00bbon\u00bb gutter_width=\u00bb1&#8243; admin_label=\u00bbService Row\u00bb module_class=\u00bb et_pb_row_fullwidth\u00bb _builder_version=\u00bb4.9.9&#8243; width_tablet=\u00bb100%\u00bb width_phone=\u00bb\u00bb width_last_edited=\u00bbon|desktop\u00bb max_width_tablet=\u00bb100%\u00bb max_width_phone=\u00bb\u00bb max_width_last_edited=\u00bbon|desktop\u00bb custom_margin=\u00bb0px||0px||true|false\u00bb custom_padding=\u00bb0px||0px|\u00bb make_fullwidth=\u00bbon\u00bb][et_pb_column type=\u00bb1_2&#8243; _builder_version=\u00bb4.9.9&#8243; custom_padding=\u00bb|||\u00bb custom_padding__hover=\u00bb|||\u00bb][et_pb_image src=\u00bbhttps:\/\/josefontao.com\/wp-content\/uploads\/2022\/07\/Cama-8_pormenor_1.webp\u00bb title_text=\u00bbCama 8_pormenor_1&#8243; align=\u00bbright\u00bb align_tablet=\u00bbcenter\u00bb align_phone=\u00bb\u00bb align_last_edited=\u00bbon|phone\u00bb _builder_version=\u00bb4.9.9&#8243; _module_preset=\u00bbdefault\u00bb max_width=\u00bb90%\u00bb custom_margin_tablet=\u00bb0px||||false|false\u00bb custom_margin_last_edited=\u00bboff|desktop\u00bb][\/et_pb_image][\/et_pb_column][et_pb_column type=\u00bb1_2&#8243; _builder_version=\u00bb4.9.9&#8243; background_color=\u00bb#ffffff\u00bb custom_padding=\u00bb100px|60px|100px|60px\u00bb custom_padding_tablet=\u00bb50px|50px|50px|50px|true|true\u00bb custom_padding_phone=\u00bb||||false|false\u00bb custom_padding_last_edited=\u00bbon|phone\u00bb custom_padding__hover=\u00bb|||\u00bb][et_pb_blurb title=\u00bbProducto\u00bb image=\u00bbhttps:\/\/josefontao.com\/wp-content\/uploads\/2021\/05\/Produto-1.svg\u00bb content_max_width=\u00bb100%\u00bb _builder_version=\u00bb4.9.9&#8243; _module_preset=\u00bbaee147fe-b2ac-450f-a549-44559813eb98&#8243; header_font_size=\u00bb18px\u00bb body_text_align=\u00bbjustify\u00bb width=\u00bb80%\u00bb width_tablet=\u00bb100%\u00bb width_phone=\u00bb\u00bb width_last_edited=\u00bbon|phone\u00bb max_width=\u00bb80%\u00bb max_width_tablet=\u00bb100%\u00bb max_width_phone=\u00bb\u00bb max_width_last_edited=\u00bbon|tablet\u00bb custom_margin=\u00bb|||0px|false|false\u00bb module_alignment_tablet=\u00bb\u00bb module_alignment_phone=\u00bb\u00bb module_alignment_last_edited=\u00bbon|desktop\u00bb locked=\u00bboff\u00bb]<\/p>\n<p>La empresa comercializa ropa de cama en las m\u00e1s diversas gamas &#8211; Acolchado, Algod\u00f3n, Algod\u00f3n org\u00e1nico, Sat\u00e9n, Damasco, Nido de abeja, Rizo, Fibras sint\u00e9ticas, Hilos te\u00f1idos, Franela, Half Panama, Jacquard, Lino, Jersey Mesh, Muselina, Percal, PU, \u200b\u200bSarga , Tencel, Waffle, otros\u2026<\/p>\n<p>[\/et_pb_blurb][\/et_pb_column][\/et_pb_row][\/et_pb_section][et_pb_section fb_built=\u00bb1&#8243; admin_label=\u00bbHeader Section\u00bb module_id=\u00bbsobre\u00bb _builder_version=\u00bb4.9.9&#8243; overflow-x=\u00bbhidden\u00bb custom_margin=\u00bb150px||150px||true|false\u00bb custom_margin_tablet=\u00bb50px||50px||false|false\u00bb custom_margin_phone=\u00bb\u00bb custom_margin_last_edited=\u00bbon|tablet\u00bb custom_padding=\u00bb0px||0px||false|false\u00bb][et_pb_row column_structure=\u00bb1_2,1_2&#8243; use_custom_gutter=\u00bbon\u00bb gutter_width=\u00bb1&#8243; make_equal=\u00bbon\u00bb admin_label=\u00bbService Row\u00bb module_class=\u00bb et_pb_row_fullwidth inverter\u00bb _builder_version=\u00bb4.9.9&#8243; width_tablet=\u00bb100%\u00bb width_phone=\u00bb\u00bb width_last_edited=\u00bbon|desktop\u00bb max_width_tablet=\u00bb100%\u00bb max_width_phone=\u00bb\u00bb max_width_last_edited=\u00bbon|desktop\u00bb custom_margin=\u00bb0px||150px||false|false\u00bb custom_margin_tablet=\u00bb||50px||false|false\u00bb custom_margin_phone=\u00bb\u00bb custom_margin_last_edited=\u00bbon|desktop\u00bb custom_padding=\u00bb0px||0px|\u00bb custom_css_main_element=\u00bbalign-items: center;\u00bb make_fullwidth=\u00bbon\u00bb][et_pb_column type=\u00bb1_2&#8243; _builder_version=\u00bb4.9.9&#8243; _dynamic_attributes=\u00bblink_option_url\u00bb background_color=\u00bb#ffffff\u00bb custom_padding=\u00bb100px|60px|100px|60px\u00bb custom_padding_tablet=\u00bb50px|50px|50px|50px|true|true\u00bb custom_padding_phone=\u00bb||||false|false\u00bb custom_padding_last_edited=\u00bbon|phone\u00bb link_option_url=\u00bb@ET-DC@eyJkeW5hbWljIjp0cnVlLCJjb250ZW50IjoicG9zdF9saW5rX3VybF9wYWdlIiwic2V0dGluZ3MiOnsicG9zdF9pZCI6IjIzNTg4NiJ9fQ==@\u00bb custom_padding__hover=\u00bb|||\u00bb][et_pb_text _builder_version=\u00bb4.9.9&#8243; _dynamic_attributes=\u00bblink_option_url\u00bb header_2_text_color=\u00bb#C1A878&#8243; header_2_font_size=\u00bb36px\u00bb animation_direction=\u00bbleft\u00bb link_option_url=\u00bb@ET-DC@eyJkeW5hbWljIjp0cnVlLCJjb250ZW50IjoicG9zdF9saW5rX3VybF9wYWdlIiwic2V0dGluZ3MiOnsicG9zdF9pZCI6IjIzNTg4NiJ9fQ==@\u00bb hover_enabled=\u00bb0&#8243; locked=\u00bboff\u00bb sticky_enabled=\u00bb0&#8243;]<\/p>\n<h2>Hable con nosotros<\/h2>\n<p>[\/et_pb_text][et_pb_text _builder_version=\u00bb4.9.9&#8243; _module_preset=\u00bbdefault\u00bb text_font_size=\u00bb26px\u00bb text_line_height=\u00bb1.8em\u00bb header_2_line_height=\u00bb1.5em\u00bb header_3_text_align=\u00bbcenter\u00bb header_3_line_height=\u00bb1.5em\u00bb custom_margin=\u00bb15px||0px||false|false\u00bb hover_enabled=\u00bb0&#8243; sticky_enabled=\u00bb0&#8243;]<\/p>\n<p style=\"text-align: left;\">Os invitamos a conocernos mejor.<\/p>\n<p>[\/et_pb_text][\/et_pb_column][et_pb_column type=\u00bb1_2&#8243; _builder_version=\u00bb4.9.9&#8243; custom_padding=\u00bb|||\u00bb custom_padding__hover=\u00bb|||\u00bb][et_pb_image src=\u00bbhttps:\/\/josefontao.com\/wp-content\/uploads\/2022\/07\/cama4_pormenor_1-scaled.webp\u00bb title_text=\u00bbcama4_pormenor_1&#8243; align=\u00bbright\u00bb align_tablet=\u00bbcenter\u00bb align_phone=\u00bb\u00bb align_last_edited=\u00bbon|phone\u00bb _builder_version=\u00bb4.9.9&#8243; _module_preset=\u00bbdefault\u00bb max_width=\u00bb90%\u00bb custom_margin_tablet=\u00bb0px||||false|false\u00bb custom_margin_last_edited=\u00bboff|desktop\u00bb][\/et_pb_image][\/et_pb_column][\/et_pb_row][\/et_pb_section]<\/p>\n","protected":false},"excerpt":{"rendered":"<p>[et_pb_section fb_built=\u00bb1&#8243; custom_padding_last_edited=\u00bbon|phone\u00bb _builder_version=\u00bb4.9.9&#8243; _module_preset=\u00bbdefault\u00bb custom_padding=\u00bb100px||100px||true|false\u00bb custom_padding_tablet=\u00bb50px||50px||true|false\u00bb custom_padding_phone=\u00bb\u00bb][et_pb_row column_structure=\u00bb1_3,1_3,1_3&#8243; use_custom_gutter=\u00bbon\u00bb gutter_width=\u00bb2&#8243; make_equal=\u00bbon\u00bb _builder_version=\u00bb4.9.9&#8243; _module_preset=\u00bbdefault\u00bb width=\u00bb90%\u00bb width_tablet=\u00bb\u00bb width_phone=\u00bb\u00bb width_last_edited=\u00bbon|desktop\u00bb max_width=\u00bb100%\u00bb max_width_tablet=\u00bb\u00bb max_width_phone=\u00bb\u00bb max_width_last_edited=\u00bbon|desktop\u00bb custom_css_main_element=\u00bbalign-items:center;||align-content:center;||display:flex;||flex-direction: row;\u00bb custom_css_main_element_last_edited=\u00bbon|desktop\u00bb custom_css_main_element_tablet=\u00bbflex-direction: column;\u00bb][et_pb_column type=\u00bb1_3&#8243; _builder_version=\u00bb4.9.4&#8243; _module_preset=\u00bbdefault\u00bb][et_pb_blurb title=\u00bbCAMA\u00bb _builder_version=\u00bb4.9.9&#8243; _dynamic_attributes=\u00bblink_option_url\u00bb _module_preset=\u00bbdefault\u00bb header_font=\u00bb||||||||\u00bb header_text_align=\u00bbcenter\u00bb header_text_color=\u00bb#FFFFFF\u00bb header_font_size=\u00bb30px\u00bb use_background_color_gradient=\u00bbon\u00bb background_color_gradient_start=\u00bbrgba(0,42,69,0.2)\u00bb background_color_gradient_end=\u00bbrgba(0,42,69,0.2)\u00bb background_color_gradient_overlays_image=\u00bbon\u00bb background_image=\u00bbhttps:\/\/josefontao.com\/wp-content\/uploads\/2022\/07\/cama2_extra_2-scaled.webp\u00bb height=\u00bb500px\u00bb custom_padding=\u00bb5%|5%|5%|5%|true|true\u00bb link_option_url=\u00bb@ET-DC@eyJkeW5hbWljIjp0cnVlLCJjb250ZW50IjoicG9zdF9saW5rX3VybF9wYWdlIiwic2V0dGluZ3MiOnsicG9zdF9pZCI6IjIzNTkwNSJ9fQ==@\u00bb custom_css_main_element=\u00bbalign-items:center;||align-content:center;||display:flex;||\u00bb custom_css_blurb_content=\u00bbheight: 100%;|| align-items: center;|| display: flex;|| justify-content: center;|| [&hellip;]<\/p>\n","protected":false},"author":1,"featured_media":0,"parent":0,"menu_order":0,"comment_status":"closed","ping_status":"closed","template":"","meta":{"_et_pb_use_builder":"on","_et_pb_old_content":"","_et_gb_content_width":""},"_links":{"self":[{"href":"https:\/\/josefontao.com\/es\/wp-json\/wp\/v2\/pages\/237163"}],"collection":[{"href":"https:\/\/josefontao.com\/es\/wp-json\/wp\/v2\/pages"}],"about":[{"href":"https:\/\/josefontao.com\/es\/wp-json\/wp\/v2\/types\/page"}],"author":[{"embeddable":true,"href":"https:\/\/josefontao.com\/es\/wp-json\/wp\/v2\/users\/1"}],"replies":[{"embeddable":true,"href":"https:\/\/josefontao.com\/es\/wp-json\/wp\/v2\/comments?post=237163"}],"version-history":[{"count":5,"href":"https:\/\/josefontao.com\/es\/wp-json\/wp\/v2\/pages\/237163\/revisions"}],"predecessor-version":[{"id":237187,"href":"https:\/\/josefontao.com\/es\/wp-json\/wp\/v2\/pages\/237163\/revisions\/237187"}],"wp:attachment":[{"href":"https:\/\/josefontao.com\/es\/wp-json\/wp\/v2\/media?parent=237163"}],"curies":[{"name":"wp","href":"https:\/\/api.w.org\/{rel}","templated":true}]}}